{"id":987850,"date":"2024-05-10T19:48:31","date_gmt":"2024-05-10T17:48:31","guid":{"rendered":"https:\/\/amexmetulum.com\/?page_id=987850"},"modified":"2024-08-13T17:17:32","modified_gmt":"2024-08-13T23:17:32","slug":"noticias","status":"publish","type":"page","link":"https:\/\/amexmetulum.com\/en\/noticias\/","title":{"rendered":"News"},"content":{"rendered":"<div data-elementor-type=\"wp-page\" data-elementor-id=\"987850\" class=\"elementor elementor-987850\" data-elementor-post-type=\"page\">\n\t\t\t\t<div class=\"elementor-element elementor-element-e4a1b1b e-flex e-con-boxed e-con e-parent\" data-id=\"e4a1b1b\" data-element_type=\"container\" data-e-type=\"container\">\n\t\t\t\t\t<div class=\"e-con-inner\">\n\t\t<div class=\"elementor-element elementor-element-ea55206 e-con-full e-flex e-con e-child\" data-id=\"ea55206\" data-element_type=\"container\" data-e-type=\"container\">\n\t\t\t\t<div class=\"elementor-element elementor-element-242e5ca elementor-align-start elementor-icon-list--layout-traditional elementor-list-item-link-full_width elementor-widget elementor-widget-icon-list\" data-id=\"242e5ca\" data-element_type=\"widget\" data-e-type=\"widget\" data-widget_type=\"icon-list.default\">\n\t\t\t\t<div class=\"elementor-widget-container\">\n\t\t\t\t\t\t\t<ul class=\"elementor-icon-list-items\">\n\t\t\t\t\t\t\t<li class=\"elementor-icon-list-item\">\n\t\t\t\t\t\t\t\t\t\t\t<span class=\"elementor-icon-list-icon\">\n\t\t\t\t\t\t\t<i aria-hidden=\"true\" class=\"vamtamtheme- vamtam-theme-brand-symbol\"><\/i>\t\t\t\t\t\t<\/span>\n\t\t\t\t\t\t\t\t\t\t<span class=\"elementor-icon-list-text\">News<\/span>\n\t\t\t\t\t\t\t\t\t<\/li>\n\t\t\t\t\t\t<\/ul>\n\t\t\t\t\t\t<\/div>\n\t\t\t\t<\/div>\n\t\t\t\t<div class=\"elementor-element elementor-element-5ae53bc elementor-widget-divider--view-line elementor-widget elementor-widget-divider\" data-id=\"5ae53bc\" data-element_type=\"widget\" data-e-type=\"widget\" data-widget_type=\"divider.default\">\n\t\t\t\t<div class=\"elementor-widget-container\">\n\t\t\t\t\t\t\t<div class=\"elementor-divider\">\n\t\t\t<span class=\"elementor-divider-separator\">\n\t\t\t\t\t\t<\/span>\n\t\t<\/div>\n\t\t\t\t\t\t<\/div>\n\t\t\t\t<\/div>\n\t\t\t\t<div class=\"elementor-element elementor-element-d22c865 elementor-grid-1 elementor-grid-tablet-2 elementor-grid-mobile-1 elementor-posts--thumbnail-top elementor-widget elementor-widget-posts\" data-id=\"d22c865\" data-element_type=\"widget\" data-e-type=\"widget\" data-settings=\"{&quot;classic_columns&quot;:&quot;1&quot;,&quot;classic_columns_tablet&quot;:&quot;2&quot;,&quot;classic_columns_mobile&quot;:&quot;1&quot;,&quot;classic_row_gap&quot;:{&quot;unit&quot;:&quot;px&quot;,&quot;size&quot;:35,&quot;sizes&quot;:[]},&quot;classic_row_gap_tablet&quot;:{&quot;unit&quot;:&quot;px&quot;,&quot;size&quot;:&quot;&quot;,&quot;sizes&quot;:[]},&quot;classic_row_gap_mobile&quot;:{&quot;unit&quot;:&quot;px&quot;,&quot;size&quot;:&quot;&quot;,&quot;sizes&quot;:[]}}\" data-widget_type=\"posts.classic\">\n\t\t\t\t<div class=\"elementor-widget-container\">\n\t\t\t\t\t\t\t<div class=\"elementor-posts-container elementor-posts elementor-posts--skin-classic elementor-grid\" role=\"list\">\n\t\t\t\t<article class=\"elementor-post elementor-grid-item post-601 post type-post status-publish format-standard has-post-thumbnail hentry category-reportaje tag-daniela-avals tag-business-strategy\" role=\"listitem\">\n\t\t\t\t<a class=\"elementor-post__thumbnail__link\" href=\"https:\/\/amexmetulum.com\/en\/candidato-jorge-alberto-portilla-manica\/\" tabindex=\"-1\" >\n\t\t\t<div class=\"elementor-post__thumbnail\"><img fetchpriority=\"high\" decoding=\"async\" width=\"300\" height=\"199\" src=\"https:\/\/amexmetulum.com\/wp-content\/uploads\/2024\/05\/Rectangle-10-300x199.png\" class=\"attachment-medium size-medium wp-image-988007\" alt=\"\" srcset=\"https:\/\/amexmetulum.com\/wp-content\/uploads\/2024\/05\/Rectangle-10-300x199.png 300w, https:\/\/amexmetulum.com\/wp-content\/uploads\/2024\/05\/Rectangle-10-600x398.png 600w, https:\/\/amexmetulum.com\/wp-content\/uploads\/2024\/05\/Rectangle-10.png 611w\" sizes=\"(max-width: 300px) 100vw, 300px\" \/><\/div>\n\t\t<\/a>\n\t\t\t\t<div class=\"elementor-post__text\">\n\t\t\t\t<h3 class=\"elementor-post__title\">\n\t\t\t<a href=\"https:\/\/amexmetulum.com\/en\/candidato-jorge-alberto-portilla-manica\/\" >\n\t\t\t\tCandidate Jorge Alberto Portilla Manica commits to promoting female entrepreneurship in Tulum\t\t\t<\/a>\n\t\t<\/h3>\n\t\t\t\t<div class=\"elementor-post__excerpt\">\n\t\t\t<p>Tulum, Mexico \u2013 In an event focused on promoting inclusive economic development, the candidate Jorge Alberto Portilla Manica presented its firm commitment to support and strengthen women&#039;s entrepreneurship in Tulum.<\/p>\n\t\t<\/div>\n\t\t\n\t\t<a class=\"elementor-post__read-more\" href=\"https:\/\/amexmetulum.com\/en\/candidato-jorge-alberto-portilla-manica\/\" aria-label=\"Read more about Candidato Jorge Alberto Portilla Manica se compromete a impulsar el emprendimiento femenino en Tulum\" tabindex=\"-1\" >\n\t\t\tRead more &#034;\t\t<\/a>\n\n\t\t\t\t<\/div>\n\t\t\t\t<\/article>\n\t\t\t\t<\/div>\n\t\t\n\t\t\t\t\t\t<\/div>\n\t\t\t\t<\/div>\n\t\t\t\t<div class=\"elementor-element elementor-element-d94a603 elementor-widget-divider--view-line elementor-widget elementor-widget-divider\" data-id=\"d94a603\" data-element_type=\"widget\" data-e-type=\"widget\" data-widget_type=\"divider.default\">\n\t\t\t\t<div class=\"elementor-widget-container\">\n\t\t\t\t\t\t\t<div class=\"elementor-divider\">\n\t\t\t<span class=\"elementor-divider-separator\">\n\t\t\t\t\t\t<\/span>\n\t\t<\/div>\n\t\t\t\t\t\t<\/div>\n\t\t\t\t<\/div>\n\t\t\t\t<div class=\"elementor-element elementor-element-655ad5d elementor-widget-divider--view-line elementor-widget elementor-widget-divider\" data-id=\"655ad5d\" data-element_type=\"widget\" data-e-type=\"widget\" data-widget_type=\"divider.default\">\n\t\t\t\t<div class=\"elementor-widget-container\">\n\t\t\t\t\t\t\t<div class=\"elementor-divider\">\n\t\t\t<span class=\"elementor-divider-separator\">\n\t\t\t\t\t\t<\/span>\n\t\t<\/div>\n\t\t\t\t\t\t<\/div>\n\t\t\t\t<\/div>\n\t\t\t\t<\/div>\n\t\t<div class=\"elementor-element elementor-element-6573e4d e-con-full e-flex e-con e-child\" data-id=\"6573e4d\" data-element_type=\"container\" data-e-type=\"container\">\n\t\t\t\t<\/div>\n\t\t\t\t\t<\/div>\n\t\t\t\t<\/div>\n\t\t<div class=\"elementor-element elementor-element-cee9aa8 e-flex e-con-boxed e-con e-parent\" data-id=\"cee9aa8\" data-element_type=\"container\" data-e-type=\"container\">\n\t\t\t\t\t<div class=\"e-con-inner\">\n\t\t<div class=\"elementor-element elementor-element-fd2608d e-con-full e-flex e-con e-child\" data-id=\"fd2608d\" data-element_type=\"container\" data-e-type=\"container\">\n\t\t\t\t<div class=\"elementor-element elementor-element-cb7231b elementor-grid-1 elementor-grid-tablet-2 elementor-grid-mobile-1 elementor-posts--thumbnail-top elementor-widget elementor-widget-posts\" data-id=\"cb7231b\" data-element_type=\"widget\" data-e-type=\"widget\" data-settings=\"{&quot;classic_columns&quot;:&quot;1&quot;,&quot;classic_columns_tablet&quot;:&quot;2&quot;,&quot;classic_columns_mobile&quot;:&quot;1&quot;,&quot;classic_row_gap&quot;:{&quot;unit&quot;:&quot;px&quot;,&quot;size&quot;:35,&quot;sizes&quot;:[]},&quot;classic_row_gap_tablet&quot;:{&quot;unit&quot;:&quot;px&quot;,&quot;size&quot;:&quot;&quot;,&quot;sizes&quot;:[]},&quot;classic_row_gap_mobile&quot;:{&quot;unit&quot;:&quot;px&quot;,&quot;size&quot;:&quot;&quot;,&quot;sizes&quot;:[]}}\" data-widget_type=\"posts.classic\">\n\t\t\t\t<div class=\"elementor-widget-container\">\n\t\t\t\t\t\t\t<div class=\"elementor-posts-container elementor-posts elementor-posts--skin-classic elementor-grid\" role=\"list\">\n\t\t\t\t<article class=\"elementor-post elementor-grid-item post-595 post type-post status-publish format-standard has-post-thumbnail hentry category-articulo tag-business-strategy tag-risk-management tag-process-ptimization tag-financial-servies\" role=\"listitem\">\n\t\t\t\t<a class=\"elementor-post__thumbnail__link\" href=\"https:\/\/amexmetulum.com\/en\/diego-castanon-reunion\/\" tabindex=\"-1\" >\n\t\t\t<div class=\"elementor-post__thumbnail\"><img decoding=\"async\" width=\"300\" height=\"225\" src=\"https:\/\/amexmetulum.com\/wp-content\/uploads\/2023\/06\/Rectangle-6-300x225.png\" class=\"attachment-medium size-medium wp-image-987964\" alt=\"\" srcset=\"https:\/\/amexmetulum.com\/wp-content\/uploads\/2023\/06\/Rectangle-6-300x225.png 300w, https:\/\/amexmetulum.com\/wp-content\/uploads\/2023\/06\/Rectangle-6.png 400w\" sizes=\"(max-width: 300px) 100vw, 300px\" \/><\/div>\n\t\t<\/a>\n\t\t\t\t<div class=\"elementor-post__text\">\n\t\t\t\t<h3 class=\"elementor-post__title\">\n\t\t\t<a href=\"https:\/\/amexmetulum.com\/en\/diego-castanon-reunion\/\" >\n\t\t\t\tDiego Casta\u00f1\u00f3n, Morena candidate, meets with AMEXME Tulum to support female entrepreneurship in Tulum.\t\t\t<\/a>\n\t\t<\/h3>\n\t\t\t\t<div class=\"elementor-post__excerpt\">\n\t\t\t<p>In an effort to support and promote female entrepreneurship in Tulum, the candidate of Morena, Diego Casta\u00f1\u00f3n, met the past 30 April with representatives of the Mexican Association of Women Entrepreneurs (AMEXME) in the region.<\/p>\n\t\t<\/div>\n\t\t\n\t\t<a class=\"elementor-post__read-more\" href=\"https:\/\/amexmetulum.com\/en\/diego-castanon-reunion\/\" aria-label=\"Read more about Diego Casta\u00f1\u00f3n, candidato de Morena, se re\u00fane con AMEXME Tulum para apoyar el emprendimiento femenino en Tulum.\" tabindex=\"-1\" >\n\t\t\tRead more &#034;\t\t<\/a>\n\n\t\t\t\t<\/div>\n\t\t\t\t<\/article>\n\t\t\t\t<\/div>\n\t\t\n\t\t\t\t\t\t<\/div>\n\t\t\t\t<\/div>\n\t\t\t\t<div class=\"elementor-element elementor-element-68ade98 elementor-widget-divider--view-line elementor-widget elementor-widget-divider\" data-id=\"68ade98\" data-element_type=\"widget\" data-e-type=\"widget\" data-widget_type=\"divider.default\">\n\t\t\t\t<div class=\"elementor-widget-container\">\n\t\t\t\t\t\t\t<div class=\"elementor-divider\">\n\t\t\t<span class=\"elementor-divider-separator\">\n\t\t\t\t\t\t<\/span>\n\t\t<\/div>\n\t\t\t\t\t\t<\/div>\n\t\t\t\t<\/div>\n\t\t\t\t<div class=\"elementor-element elementor-element-8b6dee4 elementor-widget-divider--view-line elementor-widget elementor-widget-divider\" data-id=\"8b6dee4\" data-element_type=\"widget\" data-e-type=\"widget\" data-widget_type=\"divider.default\">\n\t\t\t\t<div class=\"elementor-widget-container\">\n\t\t\t\t\t\t\t<div class=\"elementor-divider\">\n\t\t\t<span class=\"elementor-divider-separator\">\n\t\t\t\t\t\t<\/span>\n\t\t<\/div>\n\t\t\t\t\t\t<\/div>\n\t\t\t\t<\/div>\n\t\t\t\t<\/div>\n\t\t<div class=\"elementor-element elementor-element-d56fc9c e-con-full e-flex e-con e-child\" data-id=\"d56fc9c\" data-element_type=\"container\" data-e-type=\"container\">\n\t\t\t\t<\/div>\n\t\t\t\t\t<\/div>\n\t\t\t\t<\/div>\n\t\t<div class=\"elementor-element elementor-element-260da62 e-flex e-con-boxed e-con e-parent\" data-id=\"260da62\" data-element_type=\"container\" data-e-type=\"container\">\n\t\t\t\t\t<div class=\"e-con-inner\">\n\t\t<div class=\"elementor-element elementor-element-b1058ee e-con-full e-flex e-con e-child\" data-id=\"b1058ee\" data-element_type=\"container\" data-e-type=\"container\">\n\t\t\t\t<div class=\"elementor-element elementor-element-9eacdb2 elementor-grid-1 elementor-grid-tablet-2 elementor-grid-mobile-1 elementor-posts--thumbnail-top elementor-widget elementor-widget-posts\" data-id=\"9eacdb2\" data-element_type=\"widget\" data-e-type=\"widget\" data-settings=\"{&quot;classic_columns&quot;:&quot;1&quot;,&quot;classic_columns_tablet&quot;:&quot;2&quot;,&quot;classic_columns_mobile&quot;:&quot;1&quot;,&quot;classic_row_gap&quot;:{&quot;unit&quot;:&quot;px&quot;,&quot;size&quot;:35,&quot;sizes&quot;:[]},&quot;classic_row_gap_tablet&quot;:{&quot;unit&quot;:&quot;px&quot;,&quot;size&quot;:&quot;&quot;,&quot;sizes&quot;:[]},&quot;classic_row_gap_mobile&quot;:{&quot;unit&quot;:&quot;px&quot;,&quot;size&quot;:&quot;&quot;,&quot;sizes&quot;:[]}}\" data-widget_type=\"posts.classic\">\n\t\t\t\t<div class=\"elementor-widget-container\">\n\t\t\t\t\t\t\t<div class=\"elementor-posts-container elementor-posts elementor-posts--skin-classic elementor-grid\" role=\"list\">\n\t\t\t\t<article class=\"elementor-post elementor-grid-item post-2959 post type-post status-publish format-standard has-post-thumbnail hentry category-reporte tag-business-strategy tag-sustainability\" role=\"listitem\">\n\t\t\t\t<a class=\"elementor-post__thumbnail__link\" href=\"https:\/\/amexmetulum.com\/en\/bazar-sustentable-tulum\/\" tabindex=\"-1\" >\n\t\t\t<div class=\"elementor-post__thumbnail\"><img decoding=\"async\" width=\"300\" height=\"183\" src=\"https:\/\/amexmetulum.com\/wp-content\/uploads\/2024\/05\/256328b7-0662-4beb-9475-a38124a3009a-300x183.jpg\" class=\"attachment-medium size-medium wp-image-988028\" alt=\"\" srcset=\"https:\/\/amexmetulum.com\/wp-content\/uploads\/2024\/05\/256328b7-0662-4beb-9475-a38124a3009a-300x183.jpg 300w, https:\/\/amexmetulum.com\/wp-content\/uploads\/2024\/05\/256328b7-0662-4beb-9475-a38124a3009a-600x366.jpg 600w, https:\/\/amexmetulum.com\/wp-content\/uploads\/2024\/05\/256328b7-0662-4beb-9475-a38124a3009a-1024x624.jpg 1024w, https:\/\/amexmetulum.com\/wp-content\/uploads\/2024\/05\/256328b7-0662-4beb-9475-a38124a3009a-768x468.jpg 768w, https:\/\/amexmetulum.com\/wp-content\/uploads\/2024\/05\/256328b7-0662-4beb-9475-a38124a3009a.jpg 1281w\" sizes=\"(max-width: 300px) 100vw, 300px\" \/><\/div>\n\t\t<\/a>\n\t\t\t\t<div class=\"elementor-post__text\">\n\t\t\t\t<h3 class=\"elementor-post__title\">\n\t\t\t<a href=\"https:\/\/amexmetulum.com\/en\/bazar-sustentable-tulum\/\" >\n\t\t\t\tAmexme Tulum organizes the bazaar sustainable\t\t\t<\/a>\n\t\t<\/h3>\n\t\t\t\t<div class=\"elementor-post__excerpt\">\n\t\t\t<p>This Saturday, Tulum has become the epicenter of sustainability<\/p>\n\t\t<\/div>\n\t\t\n\t\t<a class=\"elementor-post__read-more\" href=\"https:\/\/amexmetulum.com\/en\/bazar-sustentable-tulum\/\" aria-label=\"Read more about Amexme Tulum organiza el bazar sustentable\" tabindex=\"-1\" >\n\t\t\tRead more &#034;\t\t<\/a>\n\n\t\t\t\t<\/div>\n\t\t\t\t<\/article>\n\t\t\t\t<\/div>\n\t\t\n\t\t\t\t\t\t<\/div>\n\t\t\t\t<\/div>\n\t\t\t\t<\/div>\n\t\t<div class=\"elementor-element elementor-element-31fc594 e-con-full e-flex e-con e-child\" data-id=\"31fc594\" data-element_type=\"container\" data-e-type=\"container\">\n\t\t\t\t<\/div>\n\t\t\t\t\t<\/div>\n\t\t\t\t<\/div>\n\t\t\t\t<\/div>","protected":false},"excerpt":{"rendered":"<p>News<\/p>","protected":false},"author":1,"featured_media":0,"parent":0,"menu_order":0,"comment_status":"closed","ping_status":"open","template":"","meta":{"footnotes":""},"class_list":["post-987850","page","type-page","status-publish","hentry"],"_links":{"self":[{"href":"https:\/\/amexmetulum.com\/en\/wp-json\/wp\/v2\/pages\/987850","targetHints":{"allow":["GET"]}}],"collection":[{"href":"https:\/\/amexmetulum.com\/en\/wp-json\/wp\/v2\/pages"}],"about":[{"href":"https:\/\/amexmetulum.com\/en\/wp-json\/wp\/v2\/types\/page"}],"author":[{"embeddable":true,"href":"https:\/\/amexmetulum.com\/en\/wp-json\/wp\/v2\/users\/1"}],"replies":[{"embeddable":true,"href":"https:\/\/amexmetulum.com\/en\/wp-json\/wp\/v2\/comments?post=987850"}],"version-history":[{"count":10,"href":"https:\/\/amexmetulum.com\/en\/wp-json\/wp\/v2\/pages\/987850\/revisions"}],"predecessor-version":[{"id":988749,"href":"https:\/\/amexmetulum.com\/en\/wp-json\/wp\/v2\/pages\/987850\/revisions\/988749"}],"wp:attachment":[{"href":"https:\/\/amexmetulum.com\/en\/wp-json\/wp\/v2\/media?parent=987850"}],"curies":[{"name":"wp","href":"https:\/\/api.w.org\/{rel}","templated":true}]}}